{"id":1561,"date":"2023-08-06T09:48:39","date_gmt":"2023-08-06T09:48:39","guid":{"rendered":"https:\/\/familienzauberkueche.de\/?page_id=1561"},"modified":"2023-10-15T18:08:36","modified_gmt":"2023-10-15T18:08:36","slug":"rezepte","status":"publish","type":"page","link":"https:\/\/familienzauberkueche.de\/index.php\/rezepte\/","title":{"rendered":"Rezepte"},"content":{"rendered":"\n<p>Bei mir findest Du einfache und unkomplizierte Rezeptideen. Da ich als Mama von 2 Jungs auch mal echt stressige Tage habe muss es oft schnell gehen. Ihr kennt das doch bestimmt&#8230;. schnell heim vom Job am Morgen, noch die Sp\u00fclmaschine ausr\u00e4umen, schnelles Mittagessen, Kind 1 zum Fussball, Kind 2 zum Turnen&#8230;.und dann oh nein !!!! Morgen muss ich ja einen Kuchen mit in die Schule f\u00fcr den Kuchenverkauf schicken. Und genau daf\u00fcr hab ich hier auf meiner Website ein paar Easy Peasy Rezepte. <\/p>\n\n\n\n<p><\/p>\n\n\n\n<p>Ach ja, wenn Du mein Rezept nachmachst freue ich mich \u00fcber Deine Markierung bei Instagram \ud83d\ude42<\/p>\n\n\n\n<div class=\"wp-block-group is-layout-constrained\"><div class=\"wp-block-group__inner-container\"><\/div><\/div>\n\n\n\n<figure class=\"wp-block-gallery has-nested-images columns-default is-cropped wp-block-gallery-2 is-layout-flex\">\n<figure class=\"wp-block-image size-large\"><img decoding=\"async\" loading=\"lazy\" width=\"768\" height=\"1024\" data-id=\"1576\"  src=\"https:\/\/familienzauberkueche.de\/wp-content\/uploads\/2023\/08\/IMG_0355-768x1024.jpeg\" alt=\"\" class=\"wp-image-1576\" srcset=\"https:\/\/familienzauberkueche.de\/wp-content\/uploads\/2023\/08\/IMG_0355-768x1024.jpeg 768w, https:\/\/familienzauberkueche.de\/wp-content\/uploads\/2023\/08\/IMG_0355-225x300.jpeg 225w, https:\/\/familienzauberkueche.de\/wp-content\/uploads\/2023\/08\/IMG_0355.jpeg 960w\" sizes=\"(max-width: 768px) 100vw, 768px\" \/><\/figure>\n\n\n\n<figure class=\"wp-block-image size-large\"><img decoding=\"async\" loading=\"lazy\" width=\"789\" height=\"1024\" data-id=\"1575\"  src=\"https:\/\/familienzauberkueche.de\/wp-content\/uploads\/2023\/08\/IMG_0351-789x1024.jpeg\" alt=\"\" class=\"wp-image-1575\" srcset=\"https:\/\/familienzauberkueche.de\/wp-content\/uploads\/2023\/08\/IMG_0351-789x1024.jpeg 789w, https:\/\/familienzauberkueche.de\/wp-content\/uploads\/2023\/08\/IMG_0351-231x300.jpeg 231w, https:\/\/familienzauberkueche.de\/wp-content\/uploads\/2023\/08\/IMG_0351-768x997.jpeg 768w, https:\/\/familienzauberkueche.de\/wp-content\/uploads\/2023\/08\/IMG_0351.jpeg 986w\" sizes=\"(max-width: 789px) 100vw, 789px\" \/><\/figure>\n\n\n\n<figure class=\"wp-block-image size-large\"><img decoding=\"async\" loading=\"lazy\" width=\"778\" height=\"1024\" data-id=\"1572\"  src=\"https:\/\/familienzauberkueche.de\/wp-content\/uploads\/2023\/08\/IMG_0352-778x1024.jpeg\" alt=\"\" class=\"wp-image-1572\" srcset=\"https:\/\/familienzauberkueche.de\/wp-content\/uploads\/2023\/08\/IMG_0352-778x1024.jpeg 778w, https:\/\/familienzauberkueche.de\/wp-content\/uploads\/2023\/08\/IMG_0352-228x300.jpeg 228w, https:\/\/familienzauberkueche.de\/wp-content\/uploads\/2023\/08\/IMG_0352-768x1011.jpeg 768w, https:\/\/familienzauberkueche.de\/wp-content\/uploads\/2023\/08\/IMG_0352.jpeg 972w\" sizes=\"(max-width: 778px) 100vw, 778px\" \/><\/figure>\n<\/figure>\n\n\n\n<p class=\"has-background\" style=\"background-color:#f78da830\"><p>Anmerkung : Das ist keine offizielle Seite von The Pampered Chef\u00ae oder Thermomix\u00ae und steht in keiner Verbindung zu den Firmen. Die Rezepte wurden nach bestem Wissen und Gewissen verfasst. F\u00fcr Sch\u00e4den an Ger\u00e4ten oder Personen die durch die Zubereitung an Ger\u00e4ten passieren wird keine Haftung \u00fcbernommen. Bitte beachte die Gebrauchsanweisung deiner Ger\u00e4te.<\/p>Ich kann dir leider keine uneingeschr\u00e4nkte Garantie f\u00fcr die Richtigkeit des Inhalts oder eine Geling-Garantie f\u00fcr die Rezepte geben, auch wenn alle Rezepte erfolgreich ausprobiert wurden. Ich betreibe diese Webseite nach bestem Wissen und Gewissen und hoffe ich kann dich und deine Familie damit gl\u00fccklich machen.<\/p>\n","protected":false},"excerpt":{"rendered":"<p>Bei mir findest Du einfache und unkomplizierte Rezeptideen. Da ich als Mama von 2 Jungs auch mal echt stressige Tage habe muss es oft schnell gehen. Ihr kennt das doch bestimmt&#8230;. schnell heim vom Job am Morgen, noch die Sp\u00fclmaschine ausr\u00e4umen, schnelles Mittagessen, Kind 1 zum Fussball, Kind 2 zum Turnen&#8230;.und dann oh nein !!!! Morgen muss ich ja einen Kuchen mit in die Schule f\u00fcr den Kuchenverkauf schicken. Und genau daf\u00fcr hab ich hier auf meiner Website ein paar Easy Peasy Rezepte. Ach ja, wenn Du mein Rezept nachmachst freue ich mich \u00fcber Deine Markierung bei Instagram \ud83d\ude42 Anmerkung : Das ist keine offizielle Seite von The Pampered Chef\u00ae oder Thermomix\u00ae und steht in keiner Verbindung zu den Firmen. Die Rezepte wurden nach bestem Wissen und Gewissen verfasst. F\u00fcr Sch\u00e4den an Ger\u00e4ten oder Personen die durch die Zubereitung an Ger\u00e4ten passieren wird keine Haftung \u00fcbernommen. Bitte beachte die Gebrauchsanweisung deiner Ger\u00e4te. Ich kann dir leider keine uneingeschr\u00e4nkte Garantie f\u00fcr die Richtigkeit des Inhalts oder eine Geling-Garantie f\u00fcr die Rezepte geben, auch wenn alle Rezepte erfolgreich ausprobiert wurden. Ich betreibe diese Webseite nach bestem Wissen und Gewissen und hoffe ich kann dich und deine Familie damit gl\u00fccklich machen.<\/p>\n","protected":false},"author":2,"featured_media":1574,"parent":0,"menu_order":0,"comment_status":"closed","ping_status":"closed","template":"","meta":{"_mi_skip_tracking":false,"_monsterinsights_sitenote_active":false,"_monsterinsights_sitenote_note":"","_monsterinsights_sitenote_category":0},"_links":{"self":[{"href":"https:\/\/familienzauberkueche.de\/index.php\/wp-json\/wp\/v2\/pages\/1561"}],"collection":[{"href":"https:\/\/familienzauberkueche.de\/index.php\/wp-json\/wp\/v2\/pages"}],"about":[{"href":"https:\/\/familienzauberkueche.de\/index.php\/wp-json\/wp\/v2\/types\/page"}],"author":[{"embeddable":true,"href":"https:\/\/familienzauberkueche.de\/index.php\/wp-json\/wp\/v2\/users\/2"}],"replies":[{"embeddable":true,"href":"https:\/\/familienzauberkueche.de\/index.php\/wp-json\/wp\/v2\/comments?post=1561"}],"version-history":[{"count":2,"href":"https:\/\/familienzauberkueche.de\/index.php\/wp-json\/wp\/v2\/pages\/1561\/revisions"}],"predecessor-version":[{"id":1621,"href":"https:\/\/familienzauberkueche.de\/index.php\/wp-json\/wp\/v2\/pages\/1561\/revisions\/1621"}],"wp:featuredmedia":[{"embeddable":true,"href":"https:\/\/familienzauberkueche.de\/index.php\/wp-json\/wp\/v2\/media\/1574"}],"wp:attachment":[{"href":"https:\/\/familienzauberkueche.de\/index.php\/wp-json\/wp\/v2\/media?parent=1561"}],"curies":[{"name":"wp","href":"https:\/\/api.w.org\/{rel}","templated":true}]}}